{"id":30,"date":"2019-03-06T07:16:44","date_gmt":"2019-03-06T07:16:44","guid":{"rendered":"https:\/\/pearlthemes.com\/theme\/medicalguide\/?page_id=30"},"modified":"2025-02-07T13:15:30","modified_gmt":"2025-02-07T13:15:30","slug":"home","status":"publish","type":"page","link":"https:\/\/manuelterapiyenerkoc.com\/","title":{"rendered":"Anasayfa"},"content":{"rendered":"<div class=\"wpb-content-wrapper\"><p>[vc_row css=&#8221;.vc_custom_1474014717811{padding-top: 55px !important;padding-bottom: 55px !important;background-color: #f5f5f5 !important;}&#8221;][vc_column]\t<div class=\"container main-heading-container\">\n\t\t<div class=\"main-title \">\n\t\t\t<h2><strong>Net Hair<\/strong>'a Ho\u015fgeldin!<\/h2><p>Sa\u00e7lar\u0131n\u0131z Hayat Buluyor, G\u00fczelli\u011finiz Tamamlan\u0131yor!<\/p>\t\t<\/div>\n\t<\/div>\n\t\t<div class=\"container\">\n\n\t\t<div id=\"tabbed-nav\">\n\t\t\t<ul>\n\t\t\t\t\t\t\t\t\t<li data-post=\"\">\n\t\t\t\t\t\t<a>Refleksoloji<\/a>\n\t\t\t\t\t<\/li>\n\t\t\t\t\t\t\t\t\t<li data-post=\"\">\n\t\t\t\t\t\t<a>Lenf Drenaj Masaj\u0131<\/a>\n\t\t\t\t\t<\/li>\n\t\t\t\t\t\t\t\t\t<li data-post=\"\">\n\t\t\t\t\t\t<a>Kayropraktik<\/a>\n\t\t\t\t\t<\/li>\n\t\t\t\t\t\t\t\t\t<li data-post=\"\">\n\t\t\t\t\t\t<a>K\u00fctletme Sanat\u0131<\/a>\n\t\t\t\t\t<\/li>\n\t\t\t\t\t\t\t<\/ul>\n\n\n\t\t\t<div>\n\t\t\t\t\t\t\t\t\t\t<div data-post=\"492\">\n\t\t\t\t\t\t\t<div class=\"row\">\n\n\t\t\t\t\t\t\t\t<div class=\"col-md-5\">\n\t\t\t\t\t\t\t\t\t<div class=\"welcome-serv-img\">\n\t\t\t\t\t\t\t\t\t\t<img loading=\"lazy\" decoding=\"async\" width=\"275\" height=\"183\" src=\"https:\/\/manuelterapiyenerkoc.com\/wp-content\/uploads\/2025\/02\/images-1.jpg\" class=\"attachment-pearl_image_size_762_700 size-pearl_image_size_762_700 wp-post-image\" alt=\"\" \/>\t\t\t\t\t\t\t\t\t<\/div>\n\t\t\t\t\t\t\t\t<\/div>\n\n\t\t\t\t\t\t\t\t<div class=\"col-md-7\">\n\t\t\t\t\t\t\t\t\t<div class=\"detail detail-btn\">\n\t\t\t\t\t\t\t\t\t\t<h4>Refleksoloji<\/h4>\n\t\t\t\t\t\t\t\t\t\t<div class=\"ser-content\">\n\t\t\t\t\t\t\t\t\t\t\t<p>Refleksoloji, ayak taban\u0131ndaki belirli noktalara bask\u0131 uygulayarak v\u00fccudun farkl\u0131 b\u00f6lgelerinde iyile\u015fme sa\u011flayan bir terapi y\u00f6ntemidir. Manuel Terapi Yener Ko\u00e7\u2019ta uzman ellerle uygulanan refleksoloji, stres seviyenizi d\u00fc\u015f\u00fcrerek v\u00fccudunuzun do\u011fal dengesini yeniden kazanmas\u0131na yard\u0131mc\u0131 olur. Sindirim problemlerinden migrene, uyku d\u00fczensizli\u011finden ba\u011f\u0131\u015f\u0131kl\u0131k sistemini g\u00fc\u00e7lendirmeye kadar bir\u00e7ok faydas\u0131 bulunan bu y\u00f6ntem ile kendinizi yenileyin!<\/p>\n\t\t\t\t\t\t\t\t\t\t<\/div>\n\t\t\t\t\t\t\t\t\t\t<a href=\"https:\/\/manuelterapiyenerkoc.com\/?service=refleksoloji\">Read More<\/a>\n\t\t\t\t\t\t\t\t\t<\/div>\n\t\t\t\t\t\t\t\t<\/div>\n\n\t\t\t\t\t\t\t<\/div>\n\t\t\t\t\t\t<\/div>\n\t\t\t\t\t\t\t\t\t\t\t\t<div data-post=\"490\">\n\t\t\t\t\t\t\t<div class=\"row\">\n\n\t\t\t\t\t\t\t\t<div class=\"col-md-5\">\n\t\t\t\t\t\t\t\t\t<div class=\"welcome-serv-img\">\n\t\t\t\t\t\t\t\t\t\t<img loading=\"lazy\" decoding=\"async\" width=\"500\" height=\"500\" src=\"https:\/\/manuelterapiyenerkoc.com\/wp-content\/uploads\/2025\/02\/manuel-lenfatik-drenaj.jpg\" class=\"attachment-pearl_image_size_762_700 size-pearl_image_size_762_700 wp-post-image\" alt=\"\" srcset=\"https:\/\/manuelterapiyenerkoc.com\/wp-content\/uploads\/2025\/02\/manuel-lenfatik-drenaj.jpg 500w, https:\/\/manuelterapiyenerkoc.com\/wp-content\/uploads\/2025\/02\/manuel-lenfatik-drenaj-300x300.jpg 300w, https:\/\/manuelterapiyenerkoc.com\/wp-content\/uploads\/2025\/02\/manuel-lenfatik-drenaj-150x150.jpg 150w, https:\/\/manuelterapiyenerkoc.com\/wp-content\/uploads\/2025\/02\/manuel-lenfatik-drenaj-270x270.jpg 270w\" sizes=\"auto, (max-width: 500px) 100vw, 500px\" \/>\t\t\t\t\t\t\t\t\t<\/div>\n\t\t\t\t\t\t\t\t<\/div>\n\n\t\t\t\t\t\t\t\t<div class=\"col-md-7\">\n\t\t\t\t\t\t\t\t\t<div class=\"detail detail-btn\">\n\t\t\t\t\t\t\t\t\t\t<h4>Lenf Drenaj Masaj\u0131<\/h4>\n\t\t\t\t\t\t\t\t\t\t<div class=\"ser-content\">\n\t\t\t\t\t\t\t\t\t\t\t<p>Lenf drenaj masaj\u0131, v\u00fccutta biriken \u00f6demi ve toksinleri atmaya yard\u0131mc\u0131 olan \u00f6zel bir masaj tekni\u011fidir. Manuel Terapi Yener Ko\u00e7\u2019ta uygulanan bu masaj, ba\u011f\u0131\u015f\u0131kl\u0131k sistemini g\u00fc\u00e7lendirir, cilt sa\u011fl\u0131\u011f\u0131n\u0131z\u0131 destekler ve dola\u015f\u0131m\u0131n\u0131z\u0131 h\u0131zland\u0131r\u0131r. \u00d6zellikle ameliyat sonras\u0131 iyile\u015fme s\u00fcrecini h\u0131zland\u0131rmak, v\u00fccutta su tutulmas\u0131n\u0131 \u00f6nlemek ve genel sa\u011fl\u0131k durumunuzu iyile\u015ftirmek i\u00e7in ideal bir y\u00f6ntemdir.<\/p>\n\t\t\t\t\t\t\t\t\t\t<\/div>\n\t\t\t\t\t\t\t\t\t\t<a href=\"https:\/\/manuelterapiyenerkoc.com\/?service=lenf-drenaj-masaji\">Read More<\/a>\n\t\t\t\t\t\t\t\t\t<\/div>\n\t\t\t\t\t\t\t\t<\/div>\n\n\t\t\t\t\t\t\t<\/div>\n\t\t\t\t\t\t<\/div>\n\t\t\t\t\t\t\t\t\t\t\t\t<div data-post=\"488\">\n\t\t\t\t\t\t\t<div class=\"row\">\n\n\t\t\t\t\t\t\t\t<div class=\"col-md-5\">\n\t\t\t\t\t\t\t\t\t<div class=\"welcome-serv-img\">\n\t\t\t\t\t\t\t\t\t\t<img loading=\"lazy\" decoding=\"async\" width=\"762\" height=\"700\" src=\"https:\/\/manuelterapiyenerkoc.com\/wp-content\/uploads\/2025\/02\/kayropratik-37909-80839_b-762x700.jpg\" class=\"attachment-pearl_image_size_762_700 size-pearl_image_size_762_700 wp-post-image\" alt=\"\" \/>\t\t\t\t\t\t\t\t\t<\/div>\n\t\t\t\t\t\t\t\t<\/div>\n\n\t\t\t\t\t\t\t\t<div class=\"col-md-7\">\n\t\t\t\t\t\t\t\t\t<div class=\"detail detail-btn\">\n\t\t\t\t\t\t\t\t\t\t<h4>Kayropraktik<\/h4>\n\t\t\t\t\t\t\t\t\t\t<div class=\"ser-content\">\n\t\t\t\t\t\t\t\t\t\t\t<p>Kayropraktik, omurgan\u0131n do\u011fru hizalanmas\u0131n\u0131 sa\u011flamak i\u00e7in uygulanan bir terapi y\u00f6ntemidir. G\u00fcnl\u00fck ya\u015fam\u0131n getirdi\u011fi y\u00fckler, yanl\u0131\u015f oturma pozisyonlar\u0131 ve a\u011f\u0131r kald\u0131rmalar zamanla omurgada \u00e7e\u015fitli hizalama problemlerine yol a\u00e7abilir. Manuel Terapi Yener Ko\u00e7\u2019ta uygulanan kayropraktik tedavisi, eklemleri ve omurgay\u0131 do\u011fru pozisyona getirerek kas-iskelet sisteminizin sa\u011fl\u0131\u011f\u0131n\u0131 korur. E\u011fer duru\u015f bozuklu\u011fu, s\u0131rt a\u011fr\u0131s\u0131 veya boyun tutulmas\u0131 gibi \u015fikayetleriniz varsa, kayropraktik tedavisi ile rahatlaman\u0131z\u0131 sa\u011fl\u0131yoruz.<\/p>\n\t\t\t\t\t\t\t\t\t\t<\/div>\n\t\t\t\t\t\t\t\t\t\t<a href=\"https:\/\/manuelterapiyenerkoc.com\/?service=kayropraktik\">Read More<\/a>\n\t\t\t\t\t\t\t\t\t<\/div>\n\t\t\t\t\t\t\t\t<\/div>\n\n\t\t\t\t\t\t\t<\/div>\n\t\t\t\t\t\t<\/div>\n\t\t\t\t\t\t\t\t\t\t\t\t<div data-post=\"486\">\n\t\t\t\t\t\t\t<div class=\"row\">\n\n\t\t\t\t\t\t\t\t<div class=\"col-md-5\">\n\t\t\t\t\t\t\t\t\t<div class=\"welcome-serv-img\">\n\t\t\t\t\t\t\t\t\t\t<img loading=\"lazy\" decoding=\"async\" width=\"687\" height=\"337\" src=\"https:\/\/manuelterapiyenerkoc.com\/wp-content\/uploads\/2025\/02\/3680767_667d72e00f7728689c7ec6e812ae6156.jpg\" class=\"attachment-pearl_image_size_762_700 size-pearl_image_size_762_700 wp-post-image\" alt=\"\" srcset=\"https:\/\/manuelterapiyenerkoc.com\/wp-content\/uploads\/2025\/02\/3680767_667d72e00f7728689c7ec6e812ae6156.jpg 687w, https:\/\/manuelterapiyenerkoc.com\/wp-content\/uploads\/2025\/02\/3680767_667d72e00f7728689c7ec6e812ae6156-300x147.jpg 300w\" sizes=\"auto, (max-width: 687px) 100vw, 687px\" \/>\t\t\t\t\t\t\t\t\t<\/div>\n\t\t\t\t\t\t\t\t<\/div>\n\n\t\t\t\t\t\t\t\t<div class=\"col-md-7\">\n\t\t\t\t\t\t\t\t\t<div class=\"detail detail-btn\">\n\t\t\t\t\t\t\t\t\t\t<h4>K\u00fctletme Sanat\u0131<\/h4>\n\t\t\t\t\t\t\t\t\t\t<div class=\"ser-content\">\n\t\t\t\t\t\t\t\t\t\t\t<p>K\u00fctletme sanat\u0131, eklemlerde biriken gaz\u0131n kontroll\u00fc manip\u00fclasyonlar ile serbest b\u0131rak\u0131lmas\u0131n\u0131 sa\u011flayan rahatlat\u0131c\u0131 bir tekniktir. Uzun s\u00fcre masa ba\u015f\u0131nda \u00e7al\u0131\u015fanlar, duru\u015f bozuklu\u011fu ya\u015fayanlar ve eklem sertliklerinden \u015fikayet edenler i\u00e7in olduk\u00e7a faydal\u0131 bir y\u00f6ntemdir. Manuel Terapi Yener Ko\u00e7\u2019ta profesyonel olarak uygulanan k\u00fctletme sanat\u0131, omurga hizas\u0131n\u0131 d\u00fczelterek hareket kabiliyetinizi art\u0131r\u0131r ve v\u00fccudunuzu daha esnek hale getirir. Sa\u011fl\u0131kl\u0131 ve konforlu bir ya\u015fam i\u00e7in Beylikd\u00fcz\u00fc\u2019nde randevunuzu hemen al\u0131n!<\/p>\n\t\t\t\t\t\t\t\t\t\t<\/div>\n\t\t\t\t\t\t\t\t\t\t<a href=\"https:\/\/manuelterapiyenerkoc.com\/?service=kutletme-sanati\">Read More<\/a>\n\t\t\t\t\t\t\t\t\t<\/div>\n\t\t\t\t\t\t\t\t<\/div>\n\n\t\t\t\t\t\t\t<\/div>\n\t\t\t\t\t\t<\/div>\n\t\t\t\t\t\t\t\t\t<\/div>\n\t\t<\/div>\n\n\t<\/div>\n\t[\/vc_column][\/vc_row][vc_row css=&#8221;.vc_custom_1474014779690{padding-top: 55px !important;padding-bottom: 90px !important;}&#8221;][vc_column]\t<div class=\"container main-heading-container\">\n\t\t<div class=\"main-title \">\n\t\t\t<h2><strong>Deneyimli<\/strong> Uzman Kadromuz<\/h2>\t\t<\/div>\n\t<\/div>\n\t        <div class=\"meet-specialists\">\n            <div class=\"container\">\n                <div id=\"owl-demo4\" class=\"owl-carousel\">\n\t\t\t\t\t                            <div class=\"post item\">\n\n                                <div class=\"gallery-sec\">\n                                    <div class=\"image-hover img-layer-slide-left-right\">\n\t\t\t\t\t\t\t\t\t\t<img loading=\"lazy\" decoding=\"async\" width=\"762\" height=\"700\" src=\"https:\/\/manuelterapiyenerkoc.com\/wp-content\/uploads\/2019\/03\/WhatsApp-Gorsel-2025-02-07-saat-14.52.50_b03befc0-762x700.jpg\" class=\"attachment-pearl_image_size_762_700 size-pearl_image_size_762_700 wp-post-image\" alt=\"\" \/>                                        <div class=\"layer\">\n\t\t\t\t\t\t\t\t\t\t\t<a href=\"https:\/\/www.instagram.com\/manuelterapi_yenerkoc\/\" target=\"_blank\"><i class=\"icon-instagram\"><\/i><\/a>                                         <\/div>\n                                    <\/div>\n                                <\/div>\n\n                                <div class=\"detail\">\n                                    <h6><a href=\"https:\/\/manuelterapiyenerkoc.com\/?doctor=yener-koc\">Yener Ko\u00e7<\/a><\/h6>\n                                    <span> <a href=\"https:\/\/manuelterapiyenerkoc.com\/?doctor-department=kurucu\" rel=\"tag\">Kurucu<\/a> <\/span>\n                                    <p><\/p>\n                                    <a href=\"https:\/\/manuelterapiyenerkoc.com\/?doctor=yener-koc\">- View Profile<\/a>\n                                <\/div>\n\n                            <\/div>\n\t\t\t\t\t\t\t                <\/div>\n            <\/div>\n        <\/div>\n\t\t[\/vc_column][\/vc_row][vc_row parallax=&#8221;content-moving&#8221; parallax_image=&#8221;184&#8243;][vc_column]\t<div class=\"dr-quote\">\n\t\t<div class=\"container\">\n\t\t\t<div class=\"row\">\n\t\t\t\t<div class=\"col-md-12\">\n\t\t\t\t\t<span class=\"quote\">\"Sa\u011fl\u0131\u011f\u0131n\u0131z\u0131 yeniden ke\u015ffedin! Manuel terapi, masaj ve do\u011fal tedavi y\u00f6ntemleri ile a\u011fr\u0131s\u0131z bir ya\u015fama ad\u0131m at\u0131n ! \"<\/span><span class=\"name\">- \"Manuel Terapi Yener Ko\u00e7 \"<\/span>\t\t\t\t<\/div>\n\t\t\t<\/div>\n\t\t<\/div>\n\t<\/div>\n\t[\/vc_column][\/vc_row][vc_row css=&#8221;.vc_custom_1474014868165{padding-top: 55px !important;padding-right: 0px !important;padding-bottom: 65px !important;padding-left: 0px !important;}&#8221;][vc_column]\t<div class=\"container main-heading-container\">\n\t\t<div class=\"main-title \">\n\t\t\t<h2><strong>Yener Ko\u00e7 <\/strong> Merak Ettiklerinizi Cevapl\u0131yor !<\/h2><p>Merak etti\u011finiz t\u00fcm sorular\u0131 cevapl\u0131yoruz! Detaylar\u0131 a\u015fa\u011f\u0131da bulabilirsiniz.<\/p>\t\t<\/div>\n\t<\/div>\n\t\t<div id=\"latest-news\" class=\"latest-news\">\n\t\t<div class=\"container\">\n\t\t\t<div id=\"owl-demo\" class=\"owl-carousel\">\n\n\t\t\t\t\t\t\t\t\t\t\t<div class=\"post item\">\n\t\t\t\t\t\t\t\t<img loading=\"lazy\" decoding=\"async\" width=\"136\" height=\"74\" src=\"https:\/\/manuelterapiyenerkoc.com\/wp-content\/uploads\/2025\/02\/Yener2-e1739293788499.png\" class=\"lazyOwl wp-post-image\" alt=\"\" \/>\t\t\t\t\t\t\t\t<div class=\"detail\">\n\t\t\t\t\t\t\t\t\t<img alt='' src='https:\/\/secure.gravatar.com\/avatar\/8c02aacd9bb426bfb23910ac1f3a8daf?s=112&#038;d=mm&#038;r=g' srcset='https:\/\/secure.gravatar.com\/avatar\/8c02aacd9bb426bfb23910ac1f3a8daf?s=224&#038;d=mm&#038;r=g 2x' class='avatar avatar-112 photo' height='112' width='112' \/>\t\t\t\t\t\t\t\t\t<h4>\n\t\t\t\t\t\t\t\t\t\t<a href=\"https:\/\/manuelterapiyenerkoc.com\/?p=508\">Manuel Terapi ile A\u011fr\u0131s\u0131z Bir Ya\u015fama Ad\u0131m At\u0131n!<\/a>\n\t\t\t\t\t\t\t\t\t<\/h4>\n\t\t\t\t\t\t\t\t\t<p>G\u00fcnl\u00fck hayat\u0131n temposu, yanl\u0131\u015f duru\u015f al\u0131\u015fkanl\u0131klar\u0131 ve hareketsiz ya\u015fam tarz\u0131, zamanla kas-iskelet sistemimizde \u00e7e\u015fitli...<\/p>\n\t\t\t\t\t\t\t\t\t<span><a href=\"https:\/\/manuelterapiyenerkoc.com\/?p=508\"><i class=\"icon-clock3\"><\/i> \u015eubat 11, 2025<\/a><\/span>\n\t\t\t\t\t\t\t\t\t<span class=\"comment\"><a href=\"https:\/\/manuelterapiyenerkoc.com\/?p=508#respond\"><i class=\"icon-icons206\"><\/i> no comments<\/a><\/span>\n\t\t\t\t\t\t\t\t<\/div>\n\t\t\t\t\t\t\t<\/div>\n\t\t\t\t\t\t\t\t\t\t\t\t\t\t<div class=\"post item\">\n\t\t\t\t\t\t\t\t<img loading=\"lazy\" decoding=\"async\" width=\"136\" height=\"74\" src=\"https:\/\/manuelterapiyenerkoc.com\/wp-content\/uploads\/2025\/02\/Yener2-e1739293788499.png\" class=\"lazyOwl wp-post-image\" alt=\"\" \/>\t\t\t\t\t\t\t\t<div class=\"detail\">\n\t\t\t\t\t\t\t\t\t<img alt='' src='https:\/\/secure.gravatar.com\/avatar\/8c02aacd9bb426bfb23910ac1f3a8daf?s=112&#038;d=mm&#038;r=g' srcset='https:\/\/secure.gravatar.com\/avatar\/8c02aacd9bb426bfb23910ac1f3a8daf?s=224&#038;d=mm&#038;r=g 2x' class='avatar avatar-112 photo' height='112' width='112' \/>\t\t\t\t\t\t\t\t\t<h4>\n\t\t\t\t\t\t\t\t\t\t<a href=\"https:\/\/manuelterapiyenerkoc.com\/?p=506\">Beylikd\u00fcz\u00fc&#8217;nde Medikal Masaj: Sa\u011fl\u0131\u011f\u0131n\u0131za Dokunan Uzman Eller<\/a>\n\t\t\t\t\t\t\t\t\t<\/h4>\n\t\t\t\t\t\t\t\t\t<p>Merhaba, ben Yener Ko\u00e7. Manuel terapi ve medikal masaj alan\u0131nda uzun y\u0131llard\u0131r hizmet veriyor,...<\/p>\n\t\t\t\t\t\t\t\t\t<span><a href=\"https:\/\/manuelterapiyenerkoc.com\/?p=506\"><i class=\"icon-clock3\"><\/i> \u015eubat 11, 2025<\/a><\/span>\n\t\t\t\t\t\t\t\t\t<span class=\"comment\"><a href=\"https:\/\/manuelterapiyenerkoc.com\/?p=506#respond\"><i class=\"icon-icons206\"><\/i> no comments<\/a><\/span>\n\t\t\t\t\t\t\t\t<\/div>\n\t\t\t\t\t\t\t<\/div>\n\t\t\t\t\t\t\t\t\t\t\t\t\t\t<div class=\"post item\">\n\t\t\t\t\t\t\t\t<img loading=\"lazy\" decoding=\"async\" width=\"136\" height=\"74\" src=\"https:\/\/manuelterapiyenerkoc.com\/wp-content\/uploads\/2025\/02\/Yener2-e1739293788499.png\" class=\"lazyOwl wp-post-image\" alt=\"\" \/>\t\t\t\t\t\t\t\t<div class=\"detail\">\n\t\t\t\t\t\t\t\t\t<img alt='' src='https:\/\/secure.gravatar.com\/avatar\/8c02aacd9bb426bfb23910ac1f3a8daf?s=112&#038;d=mm&#038;r=g' srcset='https:\/\/secure.gravatar.com\/avatar\/8c02aacd9bb426bfb23910ac1f3a8daf?s=224&#038;d=mm&#038;r=g 2x' class='avatar avatar-112 photo' height='112' width='112' \/>\t\t\t\t\t\t\t\t\t<h4>\n\t\t\t\t\t\t\t\t\t\t<a href=\"https:\/\/manuelterapiyenerkoc.com\/?p=47\">Derin Doku Masaj\u0131: Kas A\u011fr\u0131lar\u0131n\u0131zdan Kurtulman\u0131n Etkili Yolu<\/a>\n\t\t\t\t\t\t\t\t\t<\/h4>\n\t\t\t\t\t\t\t\t\t<p>Derin Doku Masaj\u0131 Nedir? G\u00fcnl\u00fck hayat\u0131n stresi, yo\u011fun \u00e7al\u0131\u015fma temposu, uzun s\u00fcre oturma ve...<\/p>\n\t\t\t\t\t\t\t\t\t<span><a href=\"https:\/\/manuelterapiyenerkoc.com\/?p=47\"><i class=\"icon-clock3\"><\/i> Ocak 1, 2025<\/a><\/span>\n\t\t\t\t\t\t\t\t\t<span class=\"comment\"><a href=\"https:\/\/manuelterapiyenerkoc.com\/?p=47#respond\"><i class=\"icon-icons206\"><\/i> no comments<\/a><\/span>\n\t\t\t\t\t\t\t\t<\/div>\n\t\t\t\t\t\t\t<\/div>\n\t\t\t\t\t\t\t\t\t\t<\/div>\n\t\t<\/div>\n\n\t<\/div>\n\n\t[\/vc_column][\/vc_row][vc_row parallax=&#8221;content-moving&#8221; parallax_image=&#8221;220&#8243; css=&#8221;.vc_custom_1552134939230{padding-top: 55px !important;padding-bottom: 90px !important;}&#8221;][vc_column]\t<div class=\"patients-testi dark-testi\">\n\t\t<div class=\"container\">\n\n\t\t\t\t\t\t\t<div class=\"row\">\n\t\t\t\t\t<div class=\"col-md-12\">\n\t\t\t\t\t\t<div class=\"main-title main-title2\">\n\t\t\t\t\t\t\t<h2>Google Yorumlar Eklenecek Yap\u0131m A\u015famas\u0131nda<\/h2>\n\t\t\t\t\t\t<\/div>\n\t\t\t\t\t<\/div>\n\t\t\t\t<\/div>\n\t\t\t\t\n\t\t\t<div id=\"testimonials\">\n\t\t\t\t<div class=\"container\">\n\t\t\t\t\t<div class=\"row\">\n\n\t\t\t\t\t\t<div class=\"col-md-12\">\n\t\t\t\t\t\t\t<div class=\"span12\">\n\n\t\t\t\t\t\t\t\t<div id=\"owl-demo2\" class=\"owl-carousel\">\n\n\t\t\t\t\t\t\t\t\t\t\t\t\t\t\t\t\t<\/div>\n\n\t\t\t\t\t\t\t<\/div>\n\t\t\t\t\t\t<\/div>\n\n\t\t\t\t\t<\/div>\n\t\t\t\t<\/div>\n\t\t\t<\/div>\n\n\t\t<\/div>\n\t<\/div>\n\t[\/vc_column][\/vc_row]<\/p>\n<\/div>","protected":false},"excerpt":{"rendered":"<p>[vc_row css=&#8221;.vc_custom_1474014717811{padding-top: 55px !important;padding-bottom: 55px !important;background-color: #f5f5f5 !important;}&#8221;][vc_column][\/vc_column][\/vc_row][vc_row css=&#8221;.vc_custom_1474014779690{padding-top: 55px !important;padding-bottom: 90px !important;}&#8221;][vc_column][\/vc_column][\/vc_row][vc_row parallax=&#8221;content-moving&#8221; parallax_image=&#8221;184&#8243;][vc_column][\/vc_column][\/vc_row][vc_row css=&#8221;.vc_custom_1474014868165{padding-top: 55px !important;padding-right: 0px !important;padding-bottom: 65px !important;padding-left: 0px !important;}&#8221;][vc_column][\/vc_column][\/vc_row][vc_row parallax=&#8221;content-moving&#8221; parallax_image=&#8221;220&#8243; css=&#8221;.vc_custom_1552134939230{padding-top: 55px !important;padding-bottom: 90px !important;}&#8221;][vc_column][\/vc_column][\/vc_row]<\/p>\n","protected":false},"author":1,"featured_media":0,"parent":0,"menu_order":0,"comment_status":"closed","ping_status":"closed","template":"page-templates\/home.php","meta":{"_joinchat":[],"footnotes":""},"class_list":["post-30","page","type-page","status-publish","hentry"],"_links":{"self":[{"href":"https:\/\/manuelterapiyenerkoc.com\/index.php?rest_route=\/wp\/v2\/pages\/30","targetHints":{"allow":["GET"]}}],"collection":[{"href":"https:\/\/manuelterapiyenerkoc.com\/index.php?rest_route=\/wp\/v2\/pages"}],"about":[{"href":"https:\/\/manuelterapiyenerkoc.com\/index.php?rest_route=\/wp\/v2\/types\/page"}],"author":[{"embeddable":true,"href":"https:\/\/manuelterapiyenerkoc.com\/index.php?rest_route=\/wp\/v2\/users\/1"}],"replies":[{"embeddable":true,"href":"https:\/\/manuelterapiyenerkoc.com\/index.php?rest_route=%2Fwp%2Fv2%2Fcomments&post=30"}],"version-history":[{"count":9,"href":"https:\/\/manuelterapiyenerkoc.com\/index.php?rest_route=\/wp\/v2\/pages\/30\/revisions"}],"predecessor-version":[{"id":499,"href":"https:\/\/manuelterapiyenerkoc.com\/index.php?rest_route=\/wp\/v2\/pages\/30\/revisions\/499"}],"wp:attachment":[{"href":"https:\/\/manuelterapiyenerkoc.com\/index.php?rest_route=%2Fwp%2Fv2%2Fmedia&parent=30"}],"curies":[{"name":"wp","href":"https:\/\/api.w.org\/{rel}","templated":true}]}}